{"id":1583,"date":"2021-07-27T03:54:07","date_gmt":"2021-07-27T03:54:07","guid":{"rendered":"https:\/\/cienporcientovinil.com\/distribuidora\/?post_type=product&#038;p=1583"},"modified":"2021-07-27T03:56:35","modified_gmt":"2021-07-27T03:56:35","slug":"vinil-microperforado","status":"publish","type":"product","link":"https:\/\/cienporcientovinil.com\/distribuidora\/producto\/vinil-microperforado\/","title":{"rendered":"VINIL MICROPERFORADO"},"content":{"rendered":"<p>Tambi\u00e9n conocido como Window Graphics. Material ideal para gr\u00e1ficos en ventanas. Sus peque\u00f1os perforaciones permiten mostrar gr\u00e1ficos impresionantes hacia el exterior sin perder visibilidad desde el interior. Venta por m\u00faltiplos de 5 metros<\/p>\n","protected":false},"excerpt":{"rendered":"<p>Tambi\u00e9n conocido como Window Graphics. Material ideal para gr\u00e1ficos en ventanas. Sus peque\u00f1os perforaciones permiten mostrar gr\u00e1ficos impresionantes hacia el exterior sin perder visibilidad desde el interior. Venta por m\u00faltiplos de 5 metros<\/p>\n","protected":false},"featured_media":1586,"template":"","meta":[],"product_cat":[117],"product_tag":[],"yoast_head":"<!-- This site is optimized with the Yoast SEO plugin v19.4 - https:\/\/yoast.com\/wordpress\/plugins\/seo\/ -->\n<title>VINIL MICROPERFORADO - Cien Por Ciento Vinil<\/title>\n<meta name=\"robots\" content=\"index, follow, max-snippet:-1, max-image-preview:large, max-video-preview:-1\" \/>\n<link rel=\"canonical\" href=\"https:\/\/cienporcientovinil.com\/distribuidora\/producto\/vinil-microperforado\/\" \/>\n<meta property=\"og:locale\" content=\"es_ES\" \/>\n<meta property=\"og:type\" content=\"article\" \/>\n<meta property=\"og:title\" content=\"VINIL MICROPERFORADO - Cien Por Ciento Vinil\" \/>\n<meta property=\"og:description\" content=\"Tambi\u00e9n conocido como Window Graphics. Material ideal para gr\u00e1ficos en ventanas. Sus peque\u00f1os perforaciones permiten mostrar gr\u00e1ficos impresionantes hacia el exterior sin perder visibilidad desde el interior. Venta por m\u00faltiplos de 5 metros\" \/>\n<meta property=\"og:url\" content=\"https:\/\/cienporcientovinil.com\/distribuidora\/producto\/vinil-microperforado\/\" \/>\n<meta property=\"og:site_name\" content=\"Cien Por Ciento Vinil\" \/>\n<meta property=\"article:modified_time\" content=\"2021-07-27T03:56:35+00:00\" \/>\n<meta property=\"og:image\" content=\"https:\/\/cienporcientovinil.com\/distribuidora\/contenido\/medios\/2021\/07\/VINIL-MICROPERFORADO-cien-por-ciento-vinil.jpg\" \/>\n\t<meta property=\"og:image:width\" content=\"550\" \/>\n\t<meta property=\"og:image:height\" content=\"550\" \/>\n\t<meta property=\"og:image:type\" content=\"image\/jpeg\" \/>\n<meta name=\"twitter:card\" content=\"summary_large_image\" \/>\n<meta name=\"twitter:label1\" content=\"Tiempo de lectura\" \/>\n\t<meta name=\"twitter:data1\" content=\"1 minuto\" \/>\n<script type=\"application\/ld+json\" class=\"yoast-schema-graph\">{\"@context\":\"https:\/\/schema.org\",\"@graph\":[{\"@type\":\"WebSite\",\"@id\":\"https:\/\/cienporcientovinil.com\/distribuidora\/#website\",\"url\":\"https:\/\/cienporcientovinil.com\/distribuidora\/\",\"name\":\"Cien Por Ciento Vinil\",\"description\":\"Cien por ciento vinil es tu mejor opci\u00f3n en materiales, equipos de corte e impresi\u00f3n, accesorios,tintas y mucho m\u00e1s. Nos dedicamos a proveer a empresas\",\"potentialAction\":[{\"@type\":\"SearchAction\",\"target\":{\"@type\":\"EntryPoint\",\"urlTemplate\":\"https:\/\/cienporcientovinil.com\/distribuidora\/?s={search_term_string}\"},\"query-input\":\"required name=search_term_string\"}],\"inLanguage\":\"es\"},{\"@type\":\"WebPage\",\"@id\":\"https:\/\/cienporcientovinil.com\/distribuidora\/producto\/vinil-microperforado\/\",\"url\":\"https:\/\/cienporcientovinil.com\/distribuidora\/producto\/vinil-microperforado\/\",\"name\":\"VINIL MICROPERFORADO - Cien Por Ciento Vinil\",\"isPartOf\":{\"@id\":\"https:\/\/cienporcientovinil.com\/distribuidora\/#website\"},\"datePublished\":\"2021-07-27T03:54:07+00:00\",\"dateModified\":\"2021-07-27T03:56:35+00:00\",\"breadcrumb\":{\"@id\":\"https:\/\/cienporcientovinil.com\/distribuidora\/producto\/vinil-microperforado\/#breadcrumb\"},\"inLanguage\":\"es\",\"potentialAction\":[{\"@type\":\"ReadAction\",\"target\":[\"https:\/\/cienporcientovinil.com\/distribuidora\/producto\/vinil-microperforado\/\"]}]},{\"@type\":\"BreadcrumbList\",\"@id\":\"https:\/\/cienporcientovinil.com\/distribuidora\/producto\/vinil-microperforado\/#breadcrumb\",\"itemListElement\":[{\"@type\":\"ListItem\",\"position\":1,\"name\":\"Portada\",\"item\":\"https:\/\/cienporcientovinil.com\/distribuidora\/\"},{\"@type\":\"ListItem\",\"position\":2,\"name\":\"Tienda\",\"item\":\"https:\/\/cienporcientovinil.com\/distribuidora\/tienda\/\"},{\"@type\":\"ListItem\",\"position\":3,\"name\":\"VINIL MICROPERFORADO\"}]}]}<\/script>\n<!-- \/ Yoast SEO plugin. -->","yoast_head_json":{"title":"VINIL MICROPERFORADO - Cien Por Ciento Vinil","robots":{"index":"index","follow":"follow","max-snippet":"max-snippet:-1","max-image-preview":"max-image-preview:large","max-video-preview":"max-video-preview:-1"},"canonical":"https:\/\/cienporcientovinil.com\/distribuidora\/producto\/vinil-microperforado\/","og_locale":"es_ES","og_type":"article","og_title":"VINIL MICROPERFORADO - Cien Por Ciento Vinil","og_description":"Tambi\u00e9n conocido como Window Graphics. Material ideal para gr\u00e1ficos en ventanas. Sus peque\u00f1os perforaciones permiten mostrar gr\u00e1ficos impresionantes hacia el exterior sin perder visibilidad desde el interior. Venta por m\u00faltiplos de 5 metros","og_url":"https:\/\/cienporcientovinil.com\/distribuidora\/producto\/vinil-microperforado\/","og_site_name":"Cien Por Ciento Vinil","article_modified_time":"2021-07-27T03:56:35+00:00","og_image":[{"width":550,"height":550,"url":"https:\/\/cienporcientovinil.com\/distribuidora\/contenido\/medios\/2021\/07\/VINIL-MICROPERFORADO-cien-por-ciento-vinil.jpg","type":"image\/jpeg"}],"twitter_card":"summary_large_image","twitter_misc":{"Tiempo de lectura":"1 minuto"},"schema":{"@context":"https:\/\/schema.org","@graph":[{"@type":"WebSite","@id":"https:\/\/cienporcientovinil.com\/distribuidora\/#website","url":"https:\/\/cienporcientovinil.com\/distribuidora\/","name":"Cien Por Ciento Vinil","description":"Cien por ciento vinil es tu mejor opci\u00f3n en materiales, equipos de corte e impresi\u00f3n, accesorios,tintas y mucho m\u00e1s. Nos dedicamos a proveer a empresas","potentialAction":[{"@type":"SearchAction","target":{"@type":"EntryPoint","urlTemplate":"https:\/\/cienporcientovinil.com\/distribuidora\/?s={search_term_string}"},"query-input":"required name=search_term_string"}],"inLanguage":"es"},{"@type":"WebPage","@id":"https:\/\/cienporcientovinil.com\/distribuidora\/producto\/vinil-microperforado\/","url":"https:\/\/cienporcientovinil.com\/distribuidora\/producto\/vinil-microperforado\/","name":"VINIL MICROPERFORADO - Cien Por Ciento Vinil","isPartOf":{"@id":"https:\/\/cienporcientovinil.com\/distribuidora\/#website"},"datePublished":"2021-07-27T03:54:07+00:00","dateModified":"2021-07-27T03:56:35+00:00","breadcrumb":{"@id":"https:\/\/cienporcientovinil.com\/distribuidora\/producto\/vinil-microperforado\/#breadcrumb"},"inLanguage":"es","potentialAction":[{"@type":"ReadAction","target":["https:\/\/cienporcientovinil.com\/distribuidora\/producto\/vinil-microperforado\/"]}]},{"@type":"BreadcrumbList","@id":"https:\/\/cienporcientovinil.com\/distribuidora\/producto\/vinil-microperforado\/#breadcrumb","itemListElement":[{"@type":"ListItem","position":1,"name":"Portada","item":"https:\/\/cienporcientovinil.com\/distribuidora\/"},{"@type":"ListItem","position":2,"name":"Tienda","item":"https:\/\/cienporcientovinil.com\/distribuidora\/tienda\/"},{"@type":"ListItem","position":3,"name":"VINIL MICROPERFORADO"}]}]}},"_links":{"self":[{"href":"https:\/\/cienporcientovinil.com\/distribuidora\/wp-json\/wp\/v2\/product\/1583"}],"collection":[{"href":"https:\/\/cienporcientovinil.com\/distribuidora\/wp-json\/wp\/v2\/product"}],"about":[{"href":"https:\/\/cienporcientovinil.com\/distribuidora\/wp-json\/wp\/v2\/types\/product"}],"wp:featuredmedia":[{"embeddable":true,"href":"https:\/\/cienporcientovinil.com\/distribuidora\/wp-json\/wp\/v2\/media\/1586"}],"wp:attachment":[{"href":"https:\/\/cienporcientovinil.com\/distribuidora\/wp-json\/wp\/v2\/media?parent=1583"}],"wp:term":[{"taxonomy":"product_cat","embeddable":true,"href":"https:\/\/cienporcientovinil.com\/distribuidora\/wp-json\/wp\/v2\/product_cat?post=1583"},{"taxonomy":"product_tag","embeddable":true,"href":"https:\/\/cienporcientovinil.com\/distribuidora\/wp-json\/wp\/v2\/product_tag?post=1583"}],"curies":[{"name":"wp","href":"https:\/\/api.w.org\/{rel}","templated":true}]}}