{"id":1157,"date":"2021-07-23T02:20:08","date_gmt":"2021-07-23T02:20:08","guid":{"rendered":"https:\/\/cienporcientovinil.com\/distribuidora\/?page_id=1157"},"modified":"2021-07-23T02:55:31","modified_gmt":"2021-07-23T02:55:31","slug":"vinil-reflejante","status":"publish","type":"page","link":"https:\/\/cienporcientovinil.com\/distribuidora\/vinil-reflejante\/","title":{"rendered":"VINIL REFLEJANTE"},"content":{"rendered":"","protected":false},"excerpt":{"rendered":"","protected":false},"author":2,"featured_media":0,"parent":0,"menu_order":0,"comment_status":"closed","ping_status":"closed","template":"","meta":[],"yoast_head":"<!-- This site is optimized with the Yoast SEO plugin v19.4 - https:\/\/yoast.com\/wordpress\/plugins\/seo\/ -->\n<title>VINIL REFLEJANTE - Cien Por Ciento Vinil<\/title>\n<meta name=\"robots\" content=\"index, follow, max-snippet:-1, max-image-preview:large, max-video-preview:-1\" \/>\n<link rel=\"canonical\" href=\"https:\/\/cienporcientovinil.com\/distribuidora\/vinil-reflejante\/\" \/>\n<meta property=\"og:locale\" content=\"es_ES\" \/>\n<meta property=\"og:type\" content=\"article\" \/>\n<meta property=\"og:title\" content=\"VINIL REFLEJANTE - Cien Por Ciento Vinil\" \/>\n<meta property=\"og:url\" content=\"https:\/\/cienporcientovinil.com\/distribuidora\/vinil-reflejante\/\" \/>\n<meta property=\"og:site_name\" content=\"Cien Por Ciento Vinil\" \/>\n<meta property=\"article:modified_time\" content=\"2021-07-23T02:55:31+00:00\" \/>\n<meta name=\"twitter:card\" content=\"summary_large_image\" \/>\n<script type=\"application\/ld+json\" class=\"yoast-schema-graph\">{\"@context\":\"https:\/\/schema.org\",\"@graph\":[{\"@type\":\"WebSite\",\"@id\":\"https:\/\/cienporcientovinil.com\/distribuidora\/#website\",\"url\":\"https:\/\/cienporcientovinil.com\/distribuidora\/\",\"name\":\"Cien Por Ciento Vinil\",\"description\":\"Cien por ciento vinil es tu mejor opci\u00f3n en materiales, equipos de corte e impresi\u00f3n, accesorios,tintas y mucho m\u00e1s. Nos dedicamos a proveer a empresas\",\"potentialAction\":[{\"@type\":\"SearchAction\",\"target\":{\"@type\":\"EntryPoint\",\"urlTemplate\":\"https:\/\/cienporcientovinil.com\/distribuidora\/?s={search_term_string}\"},\"query-input\":\"required name=search_term_string\"}],\"inLanguage\":\"es\"},{\"@type\":\"WebPage\",\"@id\":\"https:\/\/cienporcientovinil.com\/distribuidora\/vinil-reflejante\/\",\"url\":\"https:\/\/cienporcientovinil.com\/distribuidora\/vinil-reflejante\/\",\"name\":\"VINIL REFLEJANTE - Cien Por Ciento Vinil\",\"isPartOf\":{\"@id\":\"https:\/\/cienporcientovinil.com\/distribuidora\/#website\"},\"datePublished\":\"2021-07-23T02:20:08+00:00\",\"dateModified\":\"2021-07-23T02:55:31+00:00\",\"breadcrumb\":{\"@id\":\"https:\/\/cienporcientovinil.com\/distribuidora\/vinil-reflejante\/#breadcrumb\"},\"inLanguage\":\"es\",\"potentialAction\":[{\"@type\":\"ReadAction\",\"target\":[\"https:\/\/cienporcientovinil.com\/distribuidora\/vinil-reflejante\/\"]}]},{\"@type\":\"BreadcrumbList\",\"@id\":\"https:\/\/cienporcientovinil.com\/distribuidora\/vinil-reflejante\/#breadcrumb\",\"itemListElement\":[{\"@type\":\"ListItem\",\"position\":1,\"name\":\"Portada\",\"item\":\"https:\/\/cienporcientovinil.com\/distribuidora\/\"},{\"@type\":\"ListItem\",\"position\":2,\"name\":\"VINIL REFLEJANTE\"}]}]}<\/script>\n<!-- \/ Yoast SEO plugin. -->","yoast_head_json":{"title":"VINIL REFLEJANTE - Cien Por Ciento Vinil","robots":{"index":"index","follow":"follow","max-snippet":"max-snippet:-1","max-image-preview":"max-image-preview:large","max-video-preview":"max-video-preview:-1"},"canonical":"https:\/\/cienporcientovinil.com\/distribuidora\/vinil-reflejante\/","og_locale":"es_ES","og_type":"article","og_title":"VINIL REFLEJANTE - Cien Por Ciento Vinil","og_url":"https:\/\/cienporcientovinil.com\/distribuidora\/vinil-reflejante\/","og_site_name":"Cien Por Ciento Vinil","article_modified_time":"2021-07-23T02:55:31+00:00","twitter_card":"summary_large_image","schema":{"@context":"https:\/\/schema.org","@graph":[{"@type":"WebSite","@id":"https:\/\/cienporcientovinil.com\/distribuidora\/#website","url":"https:\/\/cienporcientovinil.com\/distribuidora\/","name":"Cien Por Ciento Vinil","description":"Cien por ciento vinil es tu mejor opci\u00f3n en materiales, equipos de corte e impresi\u00f3n, accesorios,tintas y mucho m\u00e1s. Nos dedicamos a proveer a empresas","potentialAction":[{"@type":"SearchAction","target":{"@type":"EntryPoint","urlTemplate":"https:\/\/cienporcientovinil.com\/distribuidora\/?s={search_term_string}"},"query-input":"required name=search_term_string"}],"inLanguage":"es"},{"@type":"WebPage","@id":"https:\/\/cienporcientovinil.com\/distribuidora\/vinil-reflejante\/","url":"https:\/\/cienporcientovinil.com\/distribuidora\/vinil-reflejante\/","name":"VINIL REFLEJANTE - Cien Por Ciento Vinil","isPartOf":{"@id":"https:\/\/cienporcientovinil.com\/distribuidora\/#website"},"datePublished":"2021-07-23T02:20:08+00:00","dateModified":"2021-07-23T02:55:31+00:00","breadcrumb":{"@id":"https:\/\/cienporcientovinil.com\/distribuidora\/vinil-reflejante\/#breadcrumb"},"inLanguage":"es","potentialAction":[{"@type":"ReadAction","target":["https:\/\/cienporcientovinil.com\/distribuidora\/vinil-reflejante\/"]}]},{"@type":"BreadcrumbList","@id":"https:\/\/cienporcientovinil.com\/distribuidora\/vinil-reflejante\/#breadcrumb","itemListElement":[{"@type":"ListItem","position":1,"name":"Portada","item":"https:\/\/cienporcientovinil.com\/distribuidora\/"},{"@type":"ListItem","position":2,"name":"VINIL REFLEJANTE"}]}]}},"_links":{"self":[{"href":"https:\/\/cienporcientovinil.com\/distribuidora\/wp-json\/wp\/v2\/pages\/1157"}],"collection":[{"href":"https:\/\/cienporcientovinil.com\/distribuidora\/wp-json\/wp\/v2\/pages"}],"about":[{"href":"https:\/\/cienporcientovinil.com\/distribuidora\/wp-json\/wp\/v2\/types\/page"}],"author":[{"embeddable":true,"href":"https:\/\/cienporcientovinil.com\/distribuidora\/wp-json\/wp\/v2\/users\/2"}],"replies":[{"embeddable":true,"href":"https:\/\/cienporcientovinil.com\/distribuidora\/wp-json\/wp\/v2\/comments?post=1157"}],"version-history":[{"count":5,"href":"https:\/\/cienporcientovinil.com\/distribuidora\/wp-json\/wp\/v2\/pages\/1157\/revisions"}],"predecessor-version":[{"id":1199,"href":"https:\/\/cienporcientovinil.com\/distribuidora\/wp-json\/wp\/v2\/pages\/1157\/revisions\/1199"}],"wp:attachment":[{"href":"https:\/\/cienporcientovinil.com\/distribuidora\/wp-json\/wp\/v2\/media?parent=1157"}],"curies":[{"name":"wp","href":"https:\/\/api.w.org\/{rel}","templated":true}]}}